{"id":2609,"date":"2023-03-09T14:21:37","date_gmt":"2023-03-09T14:21:37","guid":{"rendered":"https:\/\/danielpaquet.com\/?page_id=2609"},"modified":"2024-05-10T16:56:24","modified_gmt":"2024-05-10T16:56:24","slug":"maennerkreis","status":"publish","type":"page","link":"https:\/\/danielpaquet.com\/en\/maennerkreis\/","title":{"rendered":"M\u00e4nnerkreis"},"content":{"rendered":"<div data-elementor-type=\"wp-page\" data-elementor-id=\"2609\" class=\"elementor elementor-2609\">\n\t\t\t\t\t\t<section class=\"elementor-section elementor-top-section elementor-element elementor-element-8ac4951 elementor-section-height-min-height elementor-section-content-middle elementor-section-boxed elementor-section-height-default elementor-section-items-middle\" data-id=\"8ac4951\" data-element_type=\"section\" data-e-type=\"section\" data-settings=\"{&quot;background_background&quot;:&quot;classic&quot;}\">\n\t\t\t\t\t\t\t<div class=\"elementor-background-overlay\"><\/div>\n\t\t\t\t\t\t\t<div class=\"elementor-container elementor-column-gap-default\">\n\t\t\t\t\t<div class=\"elementor-column elementor-col-100 elementor-top-column elementor-element elementor-element-1b871c6\" data-id=\"1b871c6\" data-element_type=\"column\" data-e-type=\"column\">\n\t\t\t<div class=\"elementor-widget-wrap elementor-element-populated\">\n\t\t\t\t\t\t<div class=\"elementor-element elementor-element-5b60c61 elementor-widget elementor-widget-image\" data-id=\"5b60c61\" data-element_type=\"widget\" data-e-type=\"widget\" data-widget_type=\"image.default\">\n\t\t\t\t<div class=\"elementor-widget-container\">\n\t\t\t\t\t\t\t\t\t\t\t\t\t\t\t<img fetchpriority=\"high\" decoding=\"async\" width=\"1334\" height=\"1578\" src=\"https:\/\/danielpaquet.com\/wp-content\/uploads\/2023\/03\/Logo-v12-e1679582845379.png\" class=\"attachment-full size-full wp-image-3172\" alt=\"\" srcset=\"https:\/\/danielpaquet.com\/wp-content\/uploads\/2023\/03\/Logo-v12-e1679582845379.png 1334w, https:\/\/danielpaquet.com\/wp-content\/uploads\/2023\/03\/Logo-v12-e1679582845379-254x300.png 254w, https:\/\/danielpaquet.com\/wp-content\/uploads\/2023\/03\/Logo-v12-e1679582845379-866x1024.png 866w, https:\/\/danielpaquet.com\/wp-content\/uploads\/2023\/03\/Logo-v12-e1679582845379-768x908.png 768w, https:\/\/danielpaquet.com\/wp-content\/uploads\/2023\/03\/Logo-v12-e1679582845379-1298x1536.png 1298w\" sizes=\"(max-width: 1334px) 100vw, 1334px\" \/>\t\t\t\t\t\t\t\t\t\t\t\t\t\t\t<\/div>\n\t\t\t\t<\/div>\n\t\t\t\t<div class=\"elementor-element elementor-element-9425b7c elementor-widget elementor-widget-heading\" data-id=\"9425b7c\" data-element_type=\"widget\" data-e-type=\"widget\" data-widget_type=\"heading.default\">\n\t\t\t\t<div class=\"elementor-widget-container\">\n\t\t\t\t\t<h2 class=\"elementor-heading-title elementor-size-default\">M\u00c4NNERKREIS<\/h2>\t\t\t\t<\/div>\n\t\t\t\t<\/div>\n\t\t\t\t\t<\/div>\n\t\t<\/div>\n\t\t\t\t\t<\/div>\n\t\t<\/section>\n\t\t\t\t<section class=\"elementor-section elementor-top-section elementor-element elementor-element-8398aae elementor-section-boxed elementor-section-height-default elementor-section-height-default\" data-id=\"8398aae\" data-element_type=\"section\" data-e-type=\"section\" data-settings=\"{&quot;background_background&quot;:&quot;classic&quot;}\">\n\t\t\t\t\t\t<div class=\"elementor-container elementor-column-gap-default\">\n\t\t\t\t\t<div class=\"elementor-column elementor-col-100 elementor-top-column elementor-element elementor-element-1f0853e\" data-id=\"1f0853e\" data-element_type=\"column\" data-e-type=\"column\">\n\t\t\t<div class=\"elementor-widget-wrap elementor-element-populated\">\n\t\t\t\t\t\t<div class=\"elementor-element elementor-element-092da95 elementor-widget elementor-widget-text-editor\" data-id=\"092da95\" data-element_type=\"widget\" data-e-type=\"widget\" data-widget_type=\"text-editor.default\">\n\t\t\t\t<div class=\"elementor-widget-container\">\n\t\t\t\t\t\t\t\t\t<h5>Viele M\u00e4nner haben die Verbindung zu sich selbst, zu ihrer Partnerin und zu den Mitmenschen, zur Natur und zu dem \u201aH\u00f6heren\u2018 verloren. Es sind <strong>unverbunden m\u00e4nnlich dominierte Mechanismen<\/strong>, die gerade dabei sind, unsere Umwelt, unsere Beziehungen und unsere Gesellschaften zu zerst\u00f6ren.<\/h5><p>\u00a0<\/p><h5>Um diese Mechanismen aufzudecken und zu transformieren, <strong>brauchen M\u00e4nner Br\u00fcder.<\/strong><\/h5><h5><strong>Wenn wir authentisch unter Br\u00fcdern zusammenkommen, treten verborgene Anteile zum Vorschein.<\/strong><br \/>Anteile, die nur unter Br\u00fcdern entdeckt und integriert werden k\u00f6nnen.<br \/>Ohne zu urteilen, <strong>mit Klarheit, Liebe und Verbundenheit<\/strong>.<\/h5><h5>\u00a0<\/h5><h5>Im M\u00e4nnerkreis <strong>schaffen und halten wir sichere R\u00e4ume f\u00fcr M\u00e4nner<\/strong>.<br \/>Entdecken wir gemeinsam, was M\u00e4nner brauchen, <strong>um Mitsch\u00f6pfer einer anderen Kultur zu sein<\/strong>!<\/h5><h5>\u00a0<\/h5><div id=\"ConnectiveDocSignExtentionInstalled\" data-extension-version=\"1.0.4\">\u00a0<\/div>\t\t\t\t\t\t\t\t<\/div>\n\t\t\t\t<\/div>\n\t\t\t\t\t<\/div>\n\t\t<\/div>\n\t\t\t\t\t<\/div>\n\t\t<\/section>\n\t\t\t\t<section class=\"elementor-section elementor-top-section elementor-element elementor-element-df75bef elementor-section-height-min-height elementor-section-boxed elementor-section-height-default elementor-section-items-middle\" data-id=\"df75bef\" data-element_type=\"section\" data-e-type=\"section\" data-settings=\"{&quot;background_background&quot;:&quot;classic&quot;}\">\n\t\t\t\t\t\t<div class=\"elementor-container elementor-column-gap-default\">\n\t\t\t\t\t<div class=\"elementor-column elementor-col-100 elementor-top-column elementor-element elementor-element-8f25018\" data-id=\"8f25018\" data-element_type=\"column\" data-e-type=\"column\">\n\t\t\t<div class=\"elementor-widget-wrap elementor-element-populated\">\n\t\t\t\t\t\t<div class=\"elementor-element elementor-element-fcef255 elementor-widget__width-initial elementor-absolute elementor-invisible elementor-widget elementor-widget-heading\" data-id=\"fcef255\" data-element_type=\"widget\" data-e-type=\"widget\" data-settings=\"{&quot;_position&quot;:&quot;absolute&quot;,&quot;_animation&quot;:&quot;fadeInUp&quot;}\" data-widget_type=\"heading.default\">\n\t\t\t\t<div class=\"elementor-widget-container\">\n\t\t\t\t\t<h2 class=\"elementor-heading-title elementor-size-default\">The time has come to burn everything<br>you think you know about being a man.<\/h2>\t\t\t\t<\/div>\n\t\t\t\t<\/div>\n\t\t\t\t\t<\/div>\n\t\t<\/div>\n\t\t\t\t\t<\/div>\n\t\t<\/section>\n\t\t\t\t<section class=\"elementor-section elementor-top-section elementor-element elementor-element-8341244 elementor-section-boxed elementor-section-height-default elementor-section-height-default\" data-id=\"8341244\" data-element_type=\"section\" data-e-type=\"section\" data-settings=\"{&quot;background_background&quot;:&quot;classic&quot;}\">\n\t\t\t\t\t\t<div class=\"elementor-container elementor-column-gap-default\">\n\t\t\t\t\t<div class=\"elementor-column elementor-col-100 elementor-top-column elementor-element elementor-element-8178f7c\" data-id=\"8178f7c\" data-element_type=\"column\" data-e-type=\"column\">\n\t\t\t<div class=\"elementor-widget-wrap elementor-element-populated\">\n\t\t\t\t\t\t<div class=\"elementor-element elementor-element-3fae4d0 elementor-widget elementor-widget-spacer\" data-id=\"3fae4d0\" data-element_type=\"widget\" data-e-type=\"widget\" data-widget_type=\"spacer.default\">\n\t\t\t\t<div class=\"elementor-widget-container\">\n\t\t\t\t\t\t\t<div class=\"elementor-spacer\">\n\t\t\t<div class=\"elementor-spacer-inner\"><\/div>\n\t\t<\/div>\n\t\t\t\t\t\t<\/div>\n\t\t\t\t<\/div>\n\t\t\t\t\t<\/div>\n\t\t<\/div>\n\t\t\t\t\t<\/div>\n\t\t<\/section>\n\t\t\t\t<section class=\"elementor-section elementor-top-section elementor-element elementor-element-9aaf060 elementor-section-boxed elementor-section-height-default elementor-section-height-default\" data-id=\"9aaf060\" data-element_type=\"section\" data-e-type=\"section\" data-settings=\"{&quot;background_background&quot;:&quot;classic&quot;}\">\n\t\t\t\t\t\t<div class=\"elementor-container elementor-column-gap-default\">\n\t\t\t\t\t<div class=\"elementor-column elementor-col-100 elementor-top-column elementor-element elementor-element-409092f\" data-id=\"409092f\" data-element_type=\"column\" data-e-type=\"column\">\n\t\t\t<div class=\"elementor-widget-wrap elementor-element-populated\">\n\t\t\t\t\t\t<div class=\"elementor-element elementor-element-c9589a1 elementor-widget elementor-widget-text-editor\" data-id=\"c9589a1\" data-element_type=\"widget\" data-e-type=\"widget\" data-widget_type=\"text-editor.default\">\n\t\t\t\t<div class=\"elementor-widget-container\">\n\t\t\t\t\t\t\t\t\t<h5><strong>Der M\u00e4nnerkreis wird geleitet von Gunnar B\u00e4smann und Daniel Paquet.<br \/><br \/><\/strong><\/h5><h5><strong>Jeden zweiten Mittwoch in der ungeraden KW<br \/>von 19:00 bis 21:30 Uhr<\/strong><\/h5><h5><strong><br \/>Honsfeld 528 | B-4760 B\u00fcllingen<br \/><br \/><\/strong><\/h5><h5><strong>Anmeldung bis 24St. vor Termin<\/strong><br \/><strong>+32 471 54 72 05<br \/><br \/><\/strong><\/h5><h5><strong>Du kannst zu jeder Zeit einsteigen, melde dich vorher bei uns.<br \/><\/strong><\/h5><div id=\"ConnectiveDocSignExtentionInstalled\" data-extension-version=\"1.0.4\">\u00a0<\/div>\t\t\t\t\t\t\t\t<\/div>\n\t\t\t\t<\/div>\n\t\t\t\t\t<\/div>\n\t\t<\/div>\n\t\t\t\t\t<\/div>\n\t\t<\/section>\n\t\t\t\t<section class=\"elementor-section elementor-top-section elementor-element elementor-element-16de9f8 elementor-section-boxed elementor-section-height-default elementor-section-height-default\" data-id=\"16de9f8\" data-element_type=\"section\" data-e-type=\"section\" data-settings=\"{&quot;background_background&quot;:&quot;classic&quot;}\">\n\t\t\t\t\t\t<div class=\"elementor-container elementor-column-gap-default\">\n\t\t\t\t\t<div class=\"elementor-column elementor-col-100 elementor-top-column elementor-element elementor-element-57471e7\" data-id=\"57471e7\" data-element_type=\"column\" data-e-type=\"column\">\n\t\t\t<div class=\"elementor-widget-wrap elementor-element-populated\">\n\t\t\t\t\t\t<div class=\"elementor-element elementor-element-6c5bdc6 elementor-invisible elementor-widget elementor-widget-heading\" data-id=\"6c5bdc6\" data-element_type=\"widget\" data-e-type=\"widget\" data-settings=\"{&quot;_animation&quot;:&quot;fadeInUp&quot;}\" data-widget_type=\"heading.default\">\n\t\t\t\t<div class=\"elementor-widget-container\">\n\t\t\t\t\t<h2 class=\"elementor-heading-title elementor-size-default\">\u201eDie Weiblichkeit ist voll erwacht und hei\u00df ersehnt sie Feuers-Taten, die Ihrer Ehre Raum erschaffen. Steigt hinab in alle Tiefen, denn dort, wo ihr den gr\u00f6\u00dften Schmerz empfindet, liegt die Kraft, die dieser Taten ruft!\u201c<br>(ein Aufruf der Drachen)<\/h2>\t\t\t\t<\/div>\n\t\t\t\t<\/div>\n\t\t\t\t<div class=\"elementor-element elementor-element-d08170d elementor-widget elementor-widget-spacer\" data-id=\"d08170d\" data-element_type=\"widget\" data-e-type=\"widget\" data-widget_type=\"spacer.default\">\n\t\t\t\t<div class=\"elementor-widget-container\">\n\t\t\t\t\t\t\t<div class=\"elementor-spacer\">\n\t\t\t<div class=\"elementor-spacer-inner\"><\/div>\n\t\t<\/div>\n\t\t\t\t\t\t<\/div>\n\t\t\t\t<\/div>\n\t\t\t\t\t<\/div>\n\t\t<\/div>\n\t\t\t\t\t<\/div>\n\t\t<\/section>\n\t\t\t\t<\/div>","protected":false},"excerpt":{"rendered":"<p>M\u00c4NNERKREIS Viele M\u00e4nner haben die Verbindung zu sich selbst, zu ihrer Partnerin und zu den Mitmenschen, zur Natur und zu dem \u201aH\u00f6heren\u2018 verloren. Es sind unverbunden m\u00e4nnlich dominierte Mechanismen, die gerade dabei sind, unsere Umwelt, unsere Beziehungen und unsere Gesellschaften zu zerst\u00f6ren. \u00a0 Um diese Mechanismen aufzudecken und zu transformieren, brauchen M\u00e4nner Br\u00fcder. Wenn wir [&hellip;]<\/p>\n","protected":false},"author":1,"featured_media":0,"parent":0,"menu_order":0,"comment_status":"closed","ping_status":"closed","template":"elementor_canvas","meta":{"site-sidebar-layout":"no-sidebar","site-content-layout":"page-builder","ast-site-content-layout":"default","site-content-style":"default","site-sidebar-style":"default","ast-global-header-display":"","ast-banner-title-visibility":"","ast-main-header-display":"","ast-hfb-above-header-display":"","ast-hfb-below-header-display":"","ast-hfb-mobile-header-display":"","site-post-title":"disabled","ast-breadcrumbs-content":"","ast-featured-img":"disabled","footer-sml-layout":"","ast-disable-related-posts":"","theme-transparent-header-meta":"","adv-header-id-meta":"","stick-header-meta":"","header-above-stick-meta":"","header-main-stick-meta":"","header-below-stick-meta":"","astra-migrate-meta-layouts":"default","ast-page-background-enabled":"default","ast-page-background-meta":{"desktop":{"background-color":"var(--ast-global-color-4)","background-image":"","background-repeat":"repeat","background-position":"center center","background-size":"auto","background-attachment":"scroll","background-type":"","background-media":"","overlay-type":"","overlay-color":"","overlay-opacity":"","overlay-gradient":""},"tablet":{"background-color":"","background-image":"","background-repeat":"repeat","background-position":"center center","background-size":"auto","background-attachment":"scroll","background-type":"","background-media":"","overlay-type":"","overlay-color":"","overlay-opacity":"","overlay-gradient":""},"mobile":{"background-color":"","background-image":"","background-repeat":"repeat","background-position":"center center","background-size":"auto","background-attachment":"scroll","background-type":"","background-media":"","overlay-type":"","overlay-color":"","overlay-opacity":"","overlay-gradient":""}},"ast-content-background-meta":{"desktop":{"background-color":"var(--ast-global-color-5)","background-image":"","background-repeat":"repeat","background-position":"center center","background-size":"auto","background-attachment":"scroll","background-type":"","background-media":"","overlay-type":"","overlay-color":"","overlay-opacity":"","overlay-gradient":""},"tablet":{"background-color":"var(--ast-global-color-5)","background-image":"","background-repeat":"repeat","background-position":"center center","background-size":"auto","background-attachment":"scroll","background-type":"","background-media":"","overlay-type":"","overlay-color":"","overlay-opacity":"","overlay-gradient":""},"mobile":{"background-color":"var(--ast-global-color-5)","background-image":"","background-repeat":"repeat","background-position":"center center","background-size":"auto","background-attachment":"scroll","background-type":"","background-media":"","overlay-type":"","overlay-color":"","overlay-opacity":"","overlay-gradient":""}},"footnotes":""},"class_list":["post-2609","page","type-page","status-publish","hentry"],"_links":{"self":[{"href":"https:\/\/danielpaquet.com\/en\/wp-json\/wp\/v2\/pages\/2609","targetHints":{"allow":["GET"]}}],"collection":[{"href":"https:\/\/danielpaquet.com\/en\/wp-json\/wp\/v2\/pages"}],"about":[{"href":"https:\/\/danielpaquet.com\/en\/wp-json\/wp\/v2\/types\/page"}],"author":[{"embeddable":true,"href":"https:\/\/danielpaquet.com\/en\/wp-json\/wp\/v2\/users\/1"}],"replies":[{"embeddable":true,"href":"https:\/\/danielpaquet.com\/en\/wp-json\/wp\/v2\/comments?post=2609"}],"version-history":[{"count":143,"href":"https:\/\/danielpaquet.com\/en\/wp-json\/wp\/v2\/pages\/2609\/revisions"}],"predecessor-version":[{"id":4588,"href":"https:\/\/danielpaquet.com\/en\/wp-json\/wp\/v2\/pages\/2609\/revisions\/4588"}],"wp:attachment":[{"href":"https:\/\/danielpaquet.com\/en\/wp-json\/wp\/v2\/media?parent=2609"}],"curies":[{"name":"wp","href":"https:\/\/api.w.org\/{rel}","templated":true}]}}