{"id":1853,"date":"2023-01-27T13:29:53","date_gmt":"2023-01-27T13:29:53","guid":{"rendered":"http:\/\/test.ganzes-leben.de\/?page_id=1853"},"modified":"2025-02-18T10:26:05","modified_gmt":"2025-02-18T10:26:05","slug":"agb","status":"publish","type":"page","link":"https:\/\/danielpaquet.com\/en\/agb\/","title":{"rendered":"AGB"},"content":{"rendered":"<div data-elementor-type=\"wp-page\" data-elementor-id=\"1853\" class=\"elementor elementor-1853\">\n\t\t\t\t\t\t<section class=\"elementor-section elementor-top-section elementor-element elementor-element-ca7e937 elementor-section-height-min-height elementor-section-boxed elementor-section-height-default elementor-section-items-middle\" data-id=\"ca7e937\" data-element_type=\"section\" data-e-type=\"section\" data-settings=\"{&quot;background_background&quot;:&quot;classic&quot;}\">\n\t\t\t\t\t\t\t<div class=\"elementor-background-overlay\"><\/div>\n\t\t\t\t\t\t\t<div class=\"elementor-container elementor-column-gap-default\">\n\t\t\t\t\t<div class=\"elementor-column elementor-col-100 elementor-top-column elementor-element elementor-element-fee46f0\" data-id=\"fee46f0\" data-element_type=\"column\" data-e-type=\"column\">\n\t\t\t<div class=\"elementor-widget-wrap elementor-element-populated\">\n\t\t\t\t\t\t<div class=\"elementor-element elementor-element-3df0ad9 elementor-widget elementor-widget-spacer\" data-id=\"3df0ad9\" data-element_type=\"widget\" data-e-type=\"widget\" data-widget_type=\"spacer.default\">\n\t\t\t\t<div class=\"elementor-widget-container\">\n\t\t\t\t\t\t\t<div class=\"elementor-spacer\">\n\t\t\t<div class=\"elementor-spacer-inner\"><\/div>\n\t\t<\/div>\n\t\t\t\t\t\t<\/div>\n\t\t\t\t<\/div>\n\t\t\t\t<div class=\"elementor-element elementor-element-416c538 elementor-widget elementor-widget-heading\" data-id=\"416c538\" data-element_type=\"widget\" data-e-type=\"widget\" data-widget_type=\"heading.default\">\n\t\t\t\t<div class=\"elementor-widget-container\">\n\t\t\t\t\t<h2 class=\"elementor-heading-title elementor-size-default\">AGB<\/h2>\t\t\t\t<\/div>\n\t\t\t\t<\/div>\n\t\t\t\t\t<\/div>\n\t\t<\/div>\n\t\t\t\t\t<\/div>\n\t\t<\/section>\n\t\t\t\t<section class=\"elementor-section elementor-top-section elementor-element elementor-element-46a2561 elementor-section-boxed elementor-section-height-default elementor-section-height-default\" data-id=\"46a2561\" data-element_type=\"section\" data-e-type=\"section\" data-settings=\"{&quot;background_background&quot;:&quot;classic&quot;}\">\n\t\t\t\t\t\t<div class=\"elementor-container elementor-column-gap-default\">\n\t\t\t\t\t<div class=\"elementor-column elementor-col-100 elementor-top-column elementor-element elementor-element-85d6b8e\" data-id=\"85d6b8e\" data-element_type=\"column\" data-e-type=\"column\">\n\t\t\t<div class=\"elementor-widget-wrap elementor-element-populated\">\n\t\t\t\t\t\t<div class=\"elementor-element elementor-element-f08d083 elementor-widget elementor-widget-text-editor\" data-id=\"f08d083\" data-element_type=\"widget\" data-e-type=\"widget\" data-widget_type=\"text-editor.default\">\n\t\t\t\t<div class=\"elementor-widget-container\">\n\t\t\t\t\t\t\t\t\t<h5><b>Allgemeine Gesch\u00e4ftsbedingungen (AGB)<\/b><br \/><b>von <\/b><span lang=\"de-DE\"><b>Daniel Paquet<\/b><\/span><\/h5><h5>Fassung vom <span lang=\"de-DE\">18<\/span>.<span lang=\"de-DE\">02<\/span>.202<span lang=\"de-DE\">5<\/span><br \/><span lang=\"de-DE\">Sebastianweg 13B<\/span>, <span lang=\"de-DE\">B-<\/span>4770 Amel<\/h5><h5>\u00a0<\/h5><h5><b>Geltungsbereich<\/b><\/h5><h5>Die nachstehenden Allgemeinen Gesch\u00e4ftsbedingungen (AGB) betreffen alle Vertr\u00e4ge, Leistungen und sonstige Vereinbarungen zwischen <span lang=\"de-DE\">Daniel Paquet<\/span> (nachfolgend \u201e<span lang=\"de-DE\">Behandelnder<\/span>\u201c bezeichnet) und dem\/r Leistungsempf\u00e4nger\/in (nachfolgend \u201eAuftraggeber\u201c) genannt.<\/h5><h5>\u00a0<\/h5><h5><b>Angebot \u2013 Preis \u2013 Bezahlung<\/b><\/h5><h5>Der Betrag wird unmittelbar nach erhaltener Leistung f\u00e4llig. Die Bezahlung erfolgt in Bar, digital oder<span lang=\"de-DE\"> per<\/span> \u00dcberweisung auf das, auf der Rechnung angef\u00fchrte Bankkonto ohne weitere Abz\u00fcge.<\/h5><h5>\u00a0<\/h5><h5><b>Terminausfall<\/b><\/h5><h5>Kann ein Termin durch den Auftraggeber nicht eingehalten werden, ist dieser sp\u00e4testens <span lang=\"de-DE\">48<\/span> Stunden zuvor abzusagen oder zu verschieben. Dabei entstehen f\u00fcr den Auftraggeber keine Kosten. Bei einer Absage <span lang=\"de-DE\">bis zu 24 Stunden vor dem<\/span> vereinbarten Termin, beh\u00e4lt sich der Behandelnde das Recht vor, 50% des vereinbarten Entgeltes f\u00fcr die nicht termingerecht in Anspruch genommene Leistung zu berechnen. Bei einer sp\u00e4teren Absage, bzw. sofern keine Absage erfolgt, wird das volle Entgelt der vereinbarten Leistung in Rechnung gestellt.<\/h5><h5>\u00a0<\/h5><h5><b>Haftung<\/b><\/h5><h5>Die Haftung des Behandelnde<span lang=\"de-DE\">n<\/span> f\u00fcr s\u00e4mtliche Sch\u00e4den, die dem Auftraggeber aufgrund der Nichtbeachtung dieser AGB oder durch eigenes Verschulden des Auftraggebers entstehen, ist \u2013 sofern gesetzlich zul\u00e4ssig \u2013 ausgeschlossen.<\/h5><h5>\u00a0<\/h5><h5><b>Ausschlussgr\u00fcnde<\/b><\/h5><h5>Wenn der Auftraggeber an einer akuten infekti\u00f6sen Erkrankung oder an einer psychischen Erkrankung leidet, ist eine Behandlung nicht m\u00f6glich. Ferner steht es dem Behandelnde<span lang=\"de-DE\">n<\/span> frei, die Behandlung jederzeit und ohne Angaben von Gr\u00fcnden abzubrechen oder abzulehnen. Hieraus kann der Auftraggeber keine \u2013 wie auch immer gearteten \u2013 Anspr\u00fcche gegen den Behandelnde<span lang=\"de-DE\">n<\/span> ableiten. Bereits bezahltes Entgelt wird im Falle eines Abbruchs durch den Behandelnde<span lang=\"de-DE\">n<\/span> <span lang=\"de-DE\">anteilsm\u00e4\u00dfig<\/span> erstattet.<\/h5><h5>\u00a0<\/h5><h5><b>Leistung<\/b><\/h5><h5>Die Leistung des Behandelnde<span lang=\"de-DE\">n<\/span> stellt eine gewerbliche Massagebehandlung am gesunden Menschen dar. Die durch den Behandelnde<span lang=\"de-DE\">n<\/span> erbrachte Leistung dient ausschlie\u00dflich zur F\u00f6rderung des allgemeinen Wohlbefindens, stellt KEINE MEDIZINISCHE BEHANDLUNG dar und ersetzt eine solche auch nicht. Dem Behandelnde<span lang=\"de-DE\">n<\/span> ist es untersagt, Diagnosen zu stellen oder Heilversprechen abzugeben. Im Falle k\u00f6rperlicher und\/oder geistiger Beschwerden ist ein Arzt zu konsultieren.<\/h5><h5>Der Auftraggeber ist \u2013 unaufgefordert \u2013 zur wahrheitsgem\u00e4\u00dfen Auskunft \u00fcber seinen Gesundheitszustand sowie \u00fcber allf\u00e4llige Ver\u00e4nderungen seines Wohlbefindens\/Gesundheitszustandes im Vergleich zu einer vorangegangenen Behandlung bzw. im Zusammenhang mit einer vorangegangenen Behandlung verpflichtet.<\/h5><h5>Der Behandelnde unterliegt in jedem Fall einer \u2013 das jeweilige Vertragsverh\u00e4ltnis bzw. die gegenst\u00e4ndliche Leistungserbringung \u00fcberdauernden \u2013 Verschwiegenheitspflicht.<\/h5><h5>\u00a0<\/h5><h5><b>Salvatorische Klausel<\/b><\/h5><h5>Erweisen sich einzelne Bestimmungen dieser AGB als ung\u00fcltig, so wird dadurch die G\u00fcltigkeit der \u00fcbrigen Bestimmungen dieser AGB nicht ber\u00fchrt. In einem solchen Fall ist die ung\u00fcltige Bestimmung durch eine gesetzlich zul\u00e4ssige Regelung zu ersetzen, welche dem Zweck der ung\u00fcltigen Bestimmung und dem Leitgedanken des Vertrages am besten entspricht.<\/h5><h5 id=\"ConnectiveDocSignExtentionInstalled\" data-extension-version=\"1.0.4\">\u00a0<\/h5>\t\t\t\t\t\t\t\t<\/div>\n\t\t\t\t<\/div>\n\t\t\t\t\t<\/div>\n\t\t<\/div>\n\t\t\t\t\t<\/div>\n\t\t<\/section>\n\t\t\t\t<\/div>","protected":false},"excerpt":{"rendered":"<p>AGB Allgemeine Gesch\u00e4ftsbedingungen (AGB)von Daniel Paquet Fassung vom 18.02.2025Sebastianweg 13B, B-4770 Amel \u00a0 Geltungsbereich Die nachstehenden Allgemeinen Gesch\u00e4ftsbedingungen (AGB) betreffen alle Vertr\u00e4ge, Leistungen und sonstige Vereinbarungen zwischen Daniel Paquet (nachfolgend \u201eBehandelnder\u201c bezeichnet) und dem\/r Leistungsempf\u00e4nger\/in (nachfolgend \u201eAuftraggeber\u201c) genannt. \u00a0 Angebot \u2013 Preis \u2013 Bezahlung Der Betrag wird unmittelbar nach erhaltener Leistung f\u00e4llig. Die Bezahlung erfolgt [&hellip;]<\/p>\n","protected":false},"author":1,"featured_media":0,"parent":0,"menu_order":0,"comment_status":"closed","ping_status":"closed","template":"elementor_canvas","meta":{"site-sidebar-layout":"default","site-content-layout":"","ast-site-content-layout":"default","site-content-style":"default","site-sidebar-style":"default","ast-global-header-display":"","ast-banner-title-visibility":"","ast-main-header-display":"","ast-hfb-above-header-display":"","ast-hfb-below-header-display":"","ast-hfb-mobile-header-display":"","site-post-title":"disabled","ast-breadcrumbs-content":"","ast-featured-img":"","footer-sml-layout":"","ast-disable-related-posts":"","theme-transparent-header-meta":"","adv-header-id-meta":"","stick-header-meta":"","header-above-stick-meta":"","header-main-stick-meta":"","header-below-stick-meta":"","astra-migrate-meta-layouts":"default","ast-page-background-enabled":"default","ast-page-background-meta":{"desktop":{"background-color":"var(--ast-global-color-4)","background-image":"","background-repeat":"repeat","background-position":"center center","background-size":"auto","background-attachment":"scroll","background-type":"","background-media":"","overlay-type":"","overlay-color":"","overlay-opacity":"","overlay-gradient":""},"tablet":{"background-color":"","background-image":"","background-repeat":"repeat","background-position":"center center","background-size":"auto","background-attachment":"scroll","background-type":"","background-media":"","overlay-type":"","overlay-color":"","overlay-opacity":"","overlay-gradient":""},"mobile":{"background-color":"","background-image":"","background-repeat":"repeat","background-position":"center center","background-size":"auto","background-attachment":"scroll","background-type":"","background-media":"","overlay-type":"","overlay-color":"","overlay-opacity":"","overlay-gradient":""}},"ast-content-background-meta":{"desktop":{"background-color":"var(--ast-global-color-5)","background-image":"","background-repeat":"repeat","background-position":"center center","background-size":"auto","background-attachment":"scroll","background-type":"","background-media":"","overlay-type":"","overlay-color":"","overlay-opacity":"","overlay-gradient":""},"tablet":{"background-color":"var(--ast-global-color-5)","background-image":"","background-repeat":"repeat","background-position":"center center","background-size":"auto","background-attachment":"scroll","background-type":"","background-media":"","overlay-type":"","overlay-color":"","overlay-opacity":"","overlay-gradient":""},"mobile":{"background-color":"var(--ast-global-color-5)","background-image":"","background-repeat":"repeat","background-position":"center center","background-size":"auto","background-attachment":"scroll","background-type":"","background-media":"","overlay-type":"","overlay-color":"","overlay-opacity":"","overlay-gradient":""}},"footnotes":""},"class_list":["post-1853","page","type-page","status-publish","hentry"],"_links":{"self":[{"href":"https:\/\/danielpaquet.com\/en\/wp-json\/wp\/v2\/pages\/1853","targetHints":{"allow":["GET"]}}],"collection":[{"href":"https:\/\/danielpaquet.com\/en\/wp-json\/wp\/v2\/pages"}],"about":[{"href":"https:\/\/danielpaquet.com\/en\/wp-json\/wp\/v2\/types\/page"}],"author":[{"embeddable":true,"href":"https:\/\/danielpaquet.com\/en\/wp-json\/wp\/v2\/users\/1"}],"replies":[{"embeddable":true,"href":"https:\/\/danielpaquet.com\/en\/wp-json\/wp\/v2\/comments?post=1853"}],"version-history":[{"count":10,"href":"https:\/\/danielpaquet.com\/en\/wp-json\/wp\/v2\/pages\/1853\/revisions"}],"predecessor-version":[{"id":4833,"href":"https:\/\/danielpaquet.com\/en\/wp-json\/wp\/v2\/pages\/1853\/revisions\/4833"}],"wp:attachment":[{"href":"https:\/\/danielpaquet.com\/en\/wp-json\/wp\/v2\/media?parent=1853"}],"curies":[{"name":"wp","href":"https:\/\/api.w.org\/{rel}","templated":true}]}}