{"id":1323,"date":"2023-01-05T11:49:28","date_gmt":"2023-01-05T11:49:28","guid":{"rendered":"http:\/\/test.ganzes-leben.de\/?page_id=1323"},"modified":"2023-09-27T09:29:20","modified_gmt":"2023-09-27T09:29:20","slug":"daniel","status":"publish","type":"page","link":"https:\/\/danielpaquet.com\/en\/daniel\/","title":{"rendered":"Daniel"},"content":{"rendered":"<div data-elementor-type=\"wp-page\" data-elementor-id=\"1323\" class=\"elementor elementor-1323\">\n\t\t\t\t\t\t<section class=\"elementor-section elementor-top-section elementor-element elementor-element-ca7e937 elementor-section-height-min-height elementor-section-boxed elementor-section-height-default elementor-section-items-middle\" data-id=\"ca7e937\" data-element_type=\"section\" data-e-type=\"section\" data-settings=\"{&quot;background_background&quot;:&quot;classic&quot;}\">\n\t\t\t\t\t\t\t<div class=\"elementor-background-overlay\"><\/div>\n\t\t\t\t\t\t\t<div class=\"elementor-container elementor-column-gap-default\">\n\t\t\t\t\t<div class=\"elementor-column elementor-col-100 elementor-top-column elementor-element elementor-element-0cedbd8\" data-id=\"0cedbd8\" data-element_type=\"column\" data-e-type=\"column\">\n\t\t\t<div class=\"elementor-widget-wrap elementor-element-populated\">\n\t\t\t\t\t\t<div class=\"elementor-element elementor-element-0800261 elementor-widget elementor-widget-image\" data-id=\"0800261\" data-element_type=\"widget\" data-e-type=\"widget\" data-widget_type=\"image.default\">\n\t\t\t\t<div class=\"elementor-widget-container\">\n\t\t\t\t\t\t\t\t\t\t\t\t\t\t\t<img fetchpriority=\"high\" decoding=\"async\" width=\"1334\" height=\"1578\" src=\"https:\/\/danielpaquet.com\/wp-content\/uploads\/2023\/03\/Logo-v12-e1679582845379.png\" class=\"attachment-full size-full wp-image-3172\" alt=\"\" srcset=\"https:\/\/danielpaquet.com\/wp-content\/uploads\/2023\/03\/Logo-v12-e1679582845379.png 1334w, https:\/\/danielpaquet.com\/wp-content\/uploads\/2023\/03\/Logo-v12-e1679582845379-254x300.png 254w, https:\/\/danielpaquet.com\/wp-content\/uploads\/2023\/03\/Logo-v12-e1679582845379-866x1024.png 866w, https:\/\/danielpaquet.com\/wp-content\/uploads\/2023\/03\/Logo-v12-e1679582845379-768x908.png 768w, https:\/\/danielpaquet.com\/wp-content\/uploads\/2023\/03\/Logo-v12-e1679582845379-1298x1536.png 1298w\" sizes=\"(max-width: 1334px) 100vw, 1334px\" \/>\t\t\t\t\t\t\t\t\t\t\t\t\t\t\t<\/div>\n\t\t\t\t<\/div>\n\t\t\t\t<div class=\"elementor-element elementor-element-3615d83 elementor-widget elementor-widget-heading\" data-id=\"3615d83\" data-element_type=\"widget\" data-e-type=\"widget\" data-widget_type=\"heading.default\">\n\t\t\t\t<div class=\"elementor-widget-container\">\n\t\t\t\t\t<h2 class=\"elementor-heading-title elementor-size-default\">DANIEL<\/h2>\t\t\t\t<\/div>\n\t\t\t\t<\/div>\n\t\t\t\t\t<\/div>\n\t\t<\/div>\n\t\t\t\t\t<\/div>\n\t\t<\/section>\n\t\t\t\t<section class=\"elementor-section elementor-top-section elementor-element elementor-element-46a2561 elementor-section-boxed elementor-section-height-default elementor-section-height-default\" data-id=\"46a2561\" data-element_type=\"section\" data-e-type=\"section\" data-settings=\"{&quot;background_background&quot;:&quot;classic&quot;}\">\n\t\t\t\t\t\t<div class=\"elementor-container elementor-column-gap-default\">\n\t\t\t\t\t<div class=\"elementor-column elementor-col-100 elementor-top-column elementor-element elementor-element-85d6b8e\" data-id=\"85d6b8e\" data-element_type=\"column\" data-e-type=\"column\">\n\t\t\t<div class=\"elementor-widget-wrap elementor-element-populated\">\n\t\t\t\t\t\t<div class=\"elementor-element elementor-element-f08d083 elementor-widget elementor-widget-text-editor\" data-id=\"f08d083\" data-element_type=\"widget\" data-e-type=\"widget\" data-widget_type=\"text-editor.default\">\n\t\t\t\t<div class=\"elementor-widget-container\">\n\t\t\t\t\t\t\t\t\t<h5>Wenn du an dieser Stelle eine Biographie sowie eine Auflistung von Diplomen erwartest, dann muss ich dich entt\u00e4uschen.<br \/>Ich werde dir nicht erz\u00e4hlen, was ich (gemacht) habe, sondern <strong>wer ich (geworden) bin<\/strong>.<br \/><br \/><\/h5><h5>Tief in mir trage ich <strong>die Sehnsucht, der Welt und all ihren Wesen Heilung, Frieden und Liebe zu schenken<\/strong>.<br \/>Ich lebe, um <strong>mein Licht strahlen zu lassen, innerlich zu wachsen, aus jeder Situation zu lernen und mit meiner tiefen, inneren Bestimmung im Einklang zu sein<\/strong>.<br \/><br \/><\/h5><h5>Wo auch immer meine Bestimmung mich hinf\u00fchrt, ich suche stets den <strong>Tiefgang<\/strong> in allem: <br \/>R\u00e4ume, wo ich <strong>echt sein <\/strong>und auch <strong>meine Schw\u00e4chen zeigen darf.<br \/><\/strong><\/h5><h5><strong>Begegnungen<\/strong>, die wahre Herzverbindung zulassen.<\/h5><h5><strong>R\u00e4ume, in denen ich meine St\u00e4rken zum Wohle aller<\/strong> einbringen kann.<br \/>R\u00e4ume, wo jede(r) seine innere <strong>Wahrheit spricht und lebt<\/strong>.<br \/><br \/><\/h5><h5>Mein Leben f\u00fchlt sich besonders dann stimmig an, wenn ich <strong>durch meine sch\u00f6pferische Kraft agiere<\/strong>, <strong>neue Wege wage<\/strong> und Verantwortung f\u00fcr meine Worte, meine Taten und meine Gedanken \u00fcbernehme.<\/h5>\t\t\t\t\t\t\t\t<\/div>\n\t\t\t\t<\/div>\n\t\t\t\t<div class=\"elementor-element elementor-element-b63c194 elementor-widget elementor-widget-spacer\" data-id=\"b63c194\" data-element_type=\"widget\" data-e-type=\"widget\" data-widget_type=\"spacer.default\">\n\t\t\t\t<div class=\"elementor-widget-container\">\n\t\t\t\t\t\t\t<div class=\"elementor-spacer\">\n\t\t\t<div class=\"elementor-spacer-inner\"><\/div>\n\t\t<\/div>\n\t\t\t\t\t\t<\/div>\n\t\t\t\t<\/div>\n\t\t\t\t\t<\/div>\n\t\t<\/div>\n\t\t\t\t\t<\/div>\n\t\t<\/section>\n\t\t\t\t<section class=\"elementor-section elementor-top-section elementor-element elementor-element-cf40b12 elementor-section-height-min-height elementor-section-boxed elementor-section-height-default elementor-section-items-middle\" data-id=\"cf40b12\" data-element_type=\"section\" data-e-type=\"section\" data-settings=\"{&quot;background_background&quot;:&quot;classic&quot;}\">\n\t\t\t\t\t\t\t<div class=\"elementor-background-overlay\"><\/div>\n\t\t\t\t\t\t\t<div class=\"elementor-container elementor-column-gap-default\">\n\t\t\t\t\t<div class=\"elementor-column elementor-col-100 elementor-top-column elementor-element elementor-element-928a36d\" data-id=\"928a36d\" data-element_type=\"column\" data-e-type=\"column\">\n\t\t\t<div class=\"elementor-widget-wrap elementor-element-populated\">\n\t\t\t\t\t\t<div class=\"elementor-element elementor-element-5775479 elementor-invisible elementor-widget elementor-widget-heading\" data-id=\"5775479\" data-element_type=\"widget\" data-e-type=\"widget\" data-settings=\"{&quot;_animation&quot;:&quot;fadeInUp&quot;}\" data-widget_type=\"heading.default\">\n\t\t\t\t<div class=\"elementor-widget-container\">\n\t\t\t\t\t<h2 class=\"elementor-heading-title elementor-size-default\">Ich gehe f\u00fcr<\/h2>\t\t\t\t<\/div>\n\t\t\t\t<\/div>\n\t\t\t\t<div class=\"elementor-element elementor-element-77f248a elementor-invisible elementor-widget elementor-widget-heading\" data-id=\"77f248a\" data-element_type=\"widget\" data-e-type=\"widget\" data-settings=\"{&quot;_animation&quot;:&quot;fadeInUp&quot;}\" data-widget_type=\"heading.default\">\n\t\t\t\t<div class=\"elementor-widget-container\">\n\t\t\t\t\t<h2 class=\"elementor-heading-title elementor-size-default\">Authentizit\u00e4t, Verbundenheit, Kreativit\u00e4t,<br>\nSch\u00f6nheit und Lebensfreude.<\/h2>\t\t\t\t<\/div>\n\t\t\t\t<\/div>\n\t\t\t\t\t<\/div>\n\t\t<\/div>\n\t\t\t\t\t<\/div>\n\t\t<\/section>\n\t\t\t\t<section class=\"elementor-section elementor-top-section elementor-element elementor-element-76c0f74 elementor-section-boxed elementor-section-height-default elementor-section-height-default\" data-id=\"76c0f74\" data-element_type=\"section\" data-e-type=\"section\" data-settings=\"{&quot;background_background&quot;:&quot;classic&quot;}\">\n\t\t\t\t\t\t<div class=\"elementor-container elementor-column-gap-default\">\n\t\t\t\t\t<div class=\"elementor-column elementor-col-100 elementor-top-column elementor-element elementor-element-83a6b81\" data-id=\"83a6b81\" data-element_type=\"column\" data-e-type=\"column\">\n\t\t\t<div class=\"elementor-widget-wrap elementor-element-populated\">\n\t\t\t\t\t\t<div class=\"elementor-element elementor-element-6237c5b elementor-widget elementor-widget-text-editor\" data-id=\"6237c5b\" data-element_type=\"widget\" data-e-type=\"widget\" data-widget_type=\"text-editor.default\">\n\t\t\t\t<div class=\"elementor-widget-container\">\n\t\t\t\t\t\t\t\t\t<h5><strong>Mein Lebensweg war nicht immer einfach<\/strong> und geradlinig, aber genau deshalb wei\u00df ich ihn sehr zu sch\u00e4tzen.<br \/>Es gab <strong>Tiefpunkte<\/strong>, an denen ich dieses Leben nicht mehr fortf\u00fchren wollte.<\/h5><h5>\u00a0<\/h5><h5>Wie sich die Krisen auch gestalteten, jede einzelne war eine <strong>Chance zu innerem Wandel und Wachstum<\/strong>.<\/h5><h5>Ich durfte und darf mich weiterhin <strong>\u00f6ffnen f\u00fcr tiefgreifende Prozesse<\/strong>, mir meine tiefsten \u00c4ngste anschauen und durch sie gehen, mich von Glaubenss\u00e4tzen und Konditionierungen befreien, die nicht meiner inneren Wahrheit entsprechen und mich mit meinen Schattenanteilen auseinandersetzen und sie <strong>transformieren<\/strong>.<\/h5><h5>\u00a0<\/h5><h5>Durch all diese Prozesse wachse ich innerlich und bin zu dem geworden, den ich jetzt <strong>mit gr\u00f6\u00dfter Dankbarkeit<\/strong> in mir f\u00fchle.<br \/>Auch wenn ich so schon vieles in mir transformiert habe, <strong>die spannende Reise nach innen wird wohl nie enden<\/strong>.<\/h5><h5>\u00a0<\/h5><h5>Ich <strong>freue mich auf den weiteren Weg und bin offen<\/strong> f\u00fcr alles,<\/h5><h5>was das Leben f\u00fcr mich bereith\u00e4lt und mich tief innerlich n\u00e4hrt.<\/h5>\t\t\t\t\t\t\t\t<\/div>\n\t\t\t\t<\/div>\n\t\t\t\t<div class=\"elementor-element elementor-element-4d682b1 elementor-widget elementor-widget-spacer\" data-id=\"4d682b1\" data-element_type=\"widget\" data-e-type=\"widget\" data-widget_type=\"spacer.default\">\n\t\t\t\t<div class=\"elementor-widget-container\">\n\t\t\t\t\t\t\t<div class=\"elementor-spacer\">\n\t\t\t<div class=\"elementor-spacer-inner\"><\/div>\n\t\t<\/div>\n\t\t\t\t\t\t<\/div>\n\t\t\t\t<\/div>\n\t\t\t\t\t<\/div>\n\t\t<\/div>\n\t\t\t\t\t<\/div>\n\t\t<\/section>\n\t\t\t\t<\/div>","protected":false},"excerpt":{"rendered":"<p>DANIEL Wenn du an dieser Stelle eine Biographie sowie eine Auflistung von Diplomen erwartest, dann muss ich dich entt\u00e4uschen.Ich werde dir nicht erz\u00e4hlen, was ich (gemacht) habe, sondern wer ich (geworden) bin. Tief in mir trage ich die Sehnsucht, der Welt und all ihren Wesen Heilung, Frieden und Liebe zu schenken.Ich lebe, um mein Licht [&hellip;]<\/p>\n","protected":false},"author":1,"featured_media":0,"parent":0,"menu_order":0,"comment_status":"closed","ping_status":"closed","template":"elementor_canvas","meta":{"site-sidebar-layout":"default","site-content-layout":"","ast-site-content-layout":"default","site-content-style":"default","site-sidebar-style":"default","ast-global-header-display":"","ast-banner-title-visibility":"","ast-main-header-display":"","ast-hfb-above-header-display":"","ast-hfb-below-header-display":"","ast-hfb-mobile-header-display":"","site-post-title":"disabled","ast-breadcrumbs-content":"","ast-featured-img":"","footer-sml-layout":"","ast-disable-related-posts":"","theme-transparent-header-meta":"","adv-header-id-meta":"","stick-header-meta":"","header-above-stick-meta":"","header-main-stick-meta":"","header-below-stick-meta":"","astra-migrate-meta-layouts":"default","ast-page-background-enabled":"default","ast-page-background-meta":{"desktop":{"background-color":"var(--ast-global-color-4)","background-image":"","background-repeat":"repeat","background-position":"center center","background-size":"auto","background-attachment":"scroll","background-type":"","background-media":"","overlay-type":"","overlay-color":"","overlay-opacity":"","overlay-gradient":""},"tablet":{"background-color":"","background-image":"","background-repeat":"repeat","background-position":"center center","background-size":"auto","background-attachment":"scroll","background-type":"","background-media":"","overlay-type":"","overlay-color":"","overlay-opacity":"","overlay-gradient":""},"mobile":{"background-color":"","background-image":"","background-repeat":"repeat","background-position":"center center","background-size":"auto","background-attachment":"scroll","background-type":"","background-media":"","overlay-type":"","overlay-color":"","overlay-opacity":"","overlay-gradient":""}},"ast-content-background-meta":{"desktop":{"background-color":"var(--ast-global-color-5)","background-image":"","background-repeat":"repeat","background-position":"center center","background-size":"auto","background-attachment":"scroll","background-type":"","background-media":"","overlay-type":"","overlay-color":"","overlay-opacity":"","overlay-gradient":""},"tablet":{"background-color":"var(--ast-global-color-5)","background-image":"","background-repeat":"repeat","background-position":"center center","background-size":"auto","background-attachment":"scroll","background-type":"","background-media":"","overlay-type":"","overlay-color":"","overlay-opacity":"","overlay-gradient":""},"mobile":{"background-color":"var(--ast-global-color-5)","background-image":"","background-repeat":"repeat","background-position":"center center","background-size":"auto","background-attachment":"scroll","background-type":"","background-media":"","overlay-type":"","overlay-color":"","overlay-opacity":"","overlay-gradient":""}},"footnotes":""},"class_list":["post-1323","page","type-page","status-publish","hentry"],"_links":{"self":[{"href":"https:\/\/danielpaquet.com\/en\/wp-json\/wp\/v2\/pages\/1323","targetHints":{"allow":["GET"]}}],"collection":[{"href":"https:\/\/danielpaquet.com\/en\/wp-json\/wp\/v2\/pages"}],"about":[{"href":"https:\/\/danielpaquet.com\/en\/wp-json\/wp\/v2\/types\/page"}],"author":[{"embeddable":true,"href":"https:\/\/danielpaquet.com\/en\/wp-json\/wp\/v2\/users\/1"}],"replies":[{"embeddable":true,"href":"https:\/\/danielpaquet.com\/en\/wp-json\/wp\/v2\/comments?post=1323"}],"version-history":[{"count":106,"href":"https:\/\/danielpaquet.com\/en\/wp-json\/wp\/v2\/pages\/1323\/revisions"}],"predecessor-version":[{"id":4288,"href":"https:\/\/danielpaquet.com\/en\/wp-json\/wp\/v2\/pages\/1323\/revisions\/4288"}],"wp:attachment":[{"href":"https:\/\/danielpaquet.com\/en\/wp-json\/wp\/v2\/media?parent=1323"}],"curies":[{"name":"wp","href":"https:\/\/api.w.org\/{rel}","templated":true}]}}